{"id":9966,"date":"2021-01-26T12:09:26","date_gmt":"2021-01-26T12:09:26","guid":{"rendered":"https:\/\/spjarantowice.edu.pl\/?page_id=9966"},"modified":"2025-02-11T08:15:24","modified_gmt":"2025-02-11T08:15:24","slug":"deklaracja-dostepnosci","status":"publish","type":"page","link":"https:\/\/spjarantowice.edu.pl\/?page_id=9966","title":{"rendered":"Deklaracja dost\u0119pno\u015bci"},"content":{"rendered":"<h1 style=\"text-align: justify;\"><span style=\"font-weight: 400;\">Deklaracja dost\u0119pno\u015bci<\/span><\/h1>\n<p style=\"text-align: justify;\"><span style=\"font-weight: 400;\">Szko\u0142a Podstawowa w Jarantowicach zobowi\u0105zuje si\u0119 zapewni\u0107 dost\u0119pno\u015b\u0107 swojej strony internetowej zgodnie z przepisami ustawy z dnia 4 kwietnia 2019 r. o dost\u0119pno\u015bci cyfrowej stron internetowych i aplikacji mobilnych podmiot\u00f3w publicznych. O\u015bwiadczenie w sprawie dost\u0119pno\u015bci ma zastosowanie do strony internetowej <\/span><a href=\"https:\/\/sp-jarantowice.rbip.mojregion.info\/\"><span style=\"font-weight: 400;\">Biuletyn Informacji Publicznej Szko\u0142y Podstawowej w Jarantowicach<\/span><\/a><span style=\"font-weight: 400;\">.<\/span><\/p>\n<p style=\"text-align: justify;\"><span style=\"font-weight: 400;\">Data publikacji strony internetowej: 2018-04-23. Data ostatniej istotnej aktualizacji: <\/span><span style=\"font-weight: 400;\">2024-09-30.<\/span><\/p>\n<p style=\"text-align: justify;\"><span style=\"font-weight: 400;\">Strona internetowa jest cz\u0119\u015bciowo zgodna z ustaw\u0105 z dnia 4 kwietnia 2019 r. o dost\u0119pno\u015bci cyfrowej stron internetowych i aplikacji mobilnych podmiot\u00f3w publicznych z powodu niezgodno\u015bci lub wy\u0142\u0105cze\u0144 wymienionych poni\u017cej.<\/span><\/p>\n<ul style=\"text-align: justify;\">\n<li style=\"font-weight: 400;\" aria-level=\"1\"><span style=\"font-weight: 400;\">Pliki PDF, DOC itp. \u2013 redaktorzy serwisu staraj\u0105 si\u0119 ograniczy\u0107 do minimum korzystanie z takich plik\u00f3w i zamieszcza\u0107 teksty bezpo\u015brednio w serwisie,<\/span><\/li>\n<li style=\"font-weight: 400;\" aria-level=\"1\"><span style=\"font-weight: 400;\">Strona zawiera dokumenty PDF, kt\u00f3re powsta\u0142y na podstawie \u017ale przygotowanych dokument\u00f3w Word (nie ma w nich dobrze zaznaczonej logicznej struktury) lub s\u0105 skanami dokument\u00f3w. W miar\u0119 mo\u017cliwo\u015bci redaktorzy b\u0119d\u0105 to poprawia\u0107 oraz dok\u0142ada\u0107 stara\u0144 by nowe dokumenty przygotowywane by\u0142y poprawnie.<\/span><\/li>\n<\/ul>\n<p style=\"text-align: justify;\"><span style=\"font-weight: 400;\">O\u015bwiadczenie sporz\u0105dzono dnia: 2025-02-10. Deklaracj\u0119 sporz\u0105dzono na podstawie samooceny przeprowadzonej przez podmiot publiczny.<\/span><\/p>\n<p style=\"text-align: justify;\"><span style=\"font-weight: 400;\">Na stronie internetowej mo\u017cna u\u017cywa\u0107 standardowych skr\u00f3t\u00f3w klawiaturowych przegl\u0105darki.<\/span><\/p>\n<h2 style=\"text-align: justify;\"><b>Informacje zwrotne i dane kontaktowe<\/b><\/h2>\n<p style=\"text-align: justify;\"><span style=\"font-weight: 400;\">W przypadku problem\u00f3w z dost\u0119pno\u015bci\u0105 strony internetowej prosimy o kontakt. Osob\u0105 kontaktow\u0105 jest L. Ba\u0144czerowska, e-mail: l.banczerowska@spjarantowice.edu.pl. Kontaktowa\u0107 mo\u017cna si\u0119 tak\u017ce dzwoni\u0105c na numer telefonu 56 688 66 49. T\u0105 sam\u0105 drog\u0105 mo\u017cna sk\u0142ada\u0107 wnioski o udost\u0119pnienie informacji niedost\u0119pnej oraz sk\u0142ada\u0107 skargi na brak zapewnienia dost\u0119pno\u015bci.<\/span><\/p>\n<p style=\"text-align: justify;\"><span style=\"font-weight: 400;\">Ka\u017cdy ma prawo do wyst\u0105pienia z \u017c\u0105daniem zapewnienia dost\u0119pno\u015bci cyfrowej strony internetowej, aplikacji mobilnej lub jakiego\u015b ich elementu. Mo\u017cna tak\u017ce za\u017c\u0105da\u0107 udost\u0119pnienia informacji za pomoc\u0105 alternatywnego sposobu dost\u0119pu, na przyk\u0142ad przez odczytanie niedost\u0119pnego cyfrowo dokumentu, opisanie zawarto\u015bci filmu bez audiodeskrypcji itp. \u017b\u0105danie powinno zawiera\u0107 dane osoby zg\u0142aszaj\u0105cej \u017c\u0105danie, wskazanie, o kt\u00f3r\u0105 stron\u0119 internetow\u0105 lub aplikacj\u0119 mobiln\u0105 chodzi oraz spos\u00f3b kontaktu. Je\u017celi osoba \u017c\u0105daj\u0105ca zg\u0142asza potrzeb\u0119 otrzymania informacji za pomoc\u0105 alternatywnego sposobu dost\u0119pu, powinna tak\u017ce okre\u015bli\u0107 dogodny dla niej spos\u00f3b przedstawienia tej informacji. Podmiot publiczny powinien zrealizowa\u0107 \u017c\u0105danie niezw\u0142ocznie, nie p\u00f3\u017aniej ni\u017c w ci\u0105gu 7 dni od dnia wyst\u0105pienia z \u017c\u0105daniem. Je\u017celi dotrzymanie tego terminu nie jest mo\u017cliwe, podmiot publiczny niezw\u0142ocznie informuje o tym wnosz\u0105cego \u017c\u0105danie, kiedy realizacja \u017c\u0105dania b\u0119dzie mo\u017cliwa, przy czym termin ten nie mo\u017ce by\u0107 d\u0142u\u017cszy ni\u017c 2 miesi\u0105ce od dnia wyst\u0105pienia z \u017c\u0105daniem. Je\u017celi zapewnienie dost\u0119pno\u015bci cyfrowej nie jest mo\u017cliwe, podmiot publiczny mo\u017ce zaproponowa\u0107 alternatywny spos\u00f3b dost\u0119pu do informacji. W przypadku, gdy podmiot publiczny odm\u00f3wi realizacji \u017c\u0105dania zapewnienia dost\u0119pno\u015bci lub alternatywnego sposobu dost\u0119pu do informacji, wnosz\u0105cy \u017c\u0105danie mo\u017ce z\u0142o\u017cy\u0107 skarg\u0119 w sprawie zapewniana dost\u0119pno\u015bci cyfrowej strony internetowej, aplikacji mobilnej lub elementu strony internetowej, lub aplikacji mobilnej. Po wyczerpaniu wskazanej wy\u017cej procedury mo\u017cna tak\u017ce z\u0142o\u017cy\u0107 wniosek do Rzecznika Praw Obywatelskich.<\/span><\/p>\n<p style=\"text-align: justify;\"><span style=\"font-weight: 400;\">Link do strony internetowej <\/span><a href=\"https:\/\/www.rpo.gov.pl\/\"><span style=\"font-weight: 400;\">Rzecznika Praw Obywatelskich<\/span><\/a><span style=\"font-weight: 400;\">.<\/span><\/p>\n<h2 style=\"text-align: justify;\"><b>Dost\u0119pno\u015b\u0107 architektoniczna<\/b><\/h2>\n<p style=\"text-align: justify;\"><span style=\"font-weight: 400;\">Do budynku szko\u0142y prowadz\u0105 dwa wej\u015bcia dost\u0119pne dla uczni\u00f3w znajduj\u0105ce si\u0119 od strony drogi powiatowej. Do obu wej\u015b\u0107 prowadz\u0105 zadaszone schody. Wej\u015bcie g\u0142\u00f3wne zaopatrzone jest w podjazd dla niepe\u0142nosprawnych. Nad wej\u015bciami nie ma g\u0142o\u015bnik\u00f3w systemu naprowadzaj\u0105cego d\u017awi\u0119kowo osoby niewidome i s\u0142abowidz\u0105ce. Budynek Szko\u0142y Podstawowej jest dwukondygnacyjny: parter, I pi\u0119tro.<\/span><\/p>\n<p style=\"text-align: justify;\"><span style=\"font-weight: 400;\">Na terenie szko\u0142y nie ma miejsc parkingowych. Miejsca postojowe dla samochod\u00f3w znajduj\u0105 si\u0119 na poboczu szosy powiatowej\u00a0 oraz wzd\u0142u\u017c drogi gminnej.Nie ma wyznaczonego miejsca dla os\u00f3b niepe\u0142nosprawnych.<\/span><\/p>\n<p style=\"text-align: justify;\"><span style=\"font-weight: 400;\">Osobami oddelegowanymi do udzielania informacji przy wej\u015bciu g\u0142\u00f3wnym s\u0105 pracownicy obs\u0142ugi.<\/span><\/p>\n<p style=\"text-align: justify;\"><span style=\"font-weight: 400;\">W budynku na ka\u017cdym poziomie (parter, I pi\u0119tro) znajduje si\u0119 korytarz. Budynek nie posiada wind. Sala gimnastyczna znajduje si\u0119 na parterze i jest dost\u0119pna dla ka\u017cdego.<\/span><\/p>\n<p style=\"text-align: justify;\"><span style=\"font-weight: 400;\">W budynku znajduj\u0105 si\u0119 dostosowania dla os\u00f3b niepe\u0142nosprawnych (toaleta na parterze).<\/span><\/p>\n<p style=\"text-align: justify;\"><span style=\"font-weight: 400;\">Do szko\u0142y mo\u017ce wej\u015b\u0107 osoba z psem asystuj\u0105cym i psem przewodnikiem. W szkole nie ma mo\u017cliwo\u015bci skorzystania z t\u0142umacza j\u0119zyka migowego.<\/span><\/p>\n<p>&nbsp;<\/p>\n<p style=\"text-align: center;\"><a href=\"https:\/\/spjarantowice.edu.pl\/wp-content\/uploads\/2025\/02\/raport-o-stanie-dostepnosci.pdf\">Raport o stanie dost\u0119pno\u015bci<\/a><\/p>\n","protected":false},"excerpt":{"rendered":"<p>Deklaracja dost\u0119pno\u015bci Szko\u0142a Podstawowa w Jarantowicach zobowi\u0105zuje si\u0119 zapewni\u0107 dost\u0119pno\u015b\u0107 swojej strony internetowej zgodnie z przepisami ustawy z dnia 4 kwietnia 2019 r. o dost\u0119pno\u015bci cyfrowej stron internetowych i aplikacji mobilnych podmiot\u00f3w publicznych. O\u015bwiadczenie w sprawie dost\u0119pno\u015bci ma zastosowanie do strony internetowej Biuletyn Informacji Publicznej Szko\u0142y Podstawowej w Jarantowicach. Data publikacji strony internetowej: 2018-04-23. Data &hellip; <\/p>\n<p class=\"link-more\"><a href=\"https:\/\/spjarantowice.edu.pl\/?page_id=9966\" class=\"more-link\">Czytaj dalej<span class=\"screen-reader-text\"> \u201eDeklaracja dost\u0119pno\u015bci\u201d<\/span><\/a><\/p>\n","protected":false},"author":1,"featured_media":0,"parent":0,"menu_order":0,"comment_status":"closed","ping_status":"closed","template":"","meta":{"footnotes":""},"class_list":["post-9966","page","type-page","status-publish","hentry"],"_links":{"self":[{"href":"https:\/\/spjarantowice.edu.pl\/index.php?rest_route=\/wp\/v2\/pages\/9966","targetHints":{"allow":["GET"]}}],"collection":[{"href":"https:\/\/spjarantowice.edu.pl\/index.php?rest_route=\/wp\/v2\/pages"}],"about":[{"href":"https:\/\/spjarantowice.edu.pl\/index.php?rest_route=\/wp\/v2\/types\/page"}],"author":[{"embeddable":true,"href":"https:\/\/spjarantowice.edu.pl\/index.php?rest_route=\/wp\/v2\/users\/1"}],"replies":[{"embeddable":true,"href":"https:\/\/spjarantowice.edu.pl\/index.php?rest_route=%2Fwp%2Fv2%2Fcomments&post=9966"}],"version-history":[{"count":5,"href":"https:\/\/spjarantowice.edu.pl\/index.php?rest_route=\/wp\/v2\/pages\/9966\/revisions"}],"predecessor-version":[{"id":20060,"href":"https:\/\/spjarantowice.edu.pl\/index.php?rest_route=\/wp\/v2\/pages\/9966\/revisions\/20060"}],"wp:attachment":[{"href":"https:\/\/spjarantowice.edu.pl\/index.php?rest_route=%2Fwp%2Fv2%2Fmedia&parent=9966"}],"curies":[{"name":"wp","href":"https:\/\/api.w.org\/{rel}","templated":true}]}}