{"id":9199,"date":"2020-10-09T05:25:00","date_gmt":"2020-10-09T05:25:00","guid":{"rendered":"https:\/\/spjarantowice.edu.pl\/?page_id=9199"},"modified":"2025-07-17T10:47:23","modified_gmt":"2025-07-17T10:47:23","slug":"rodo","status":"publish","type":"page","link":"https:\/\/spjarantowice.edu.pl\/?page_id=9199","title":{"rendered":"RODO"},"content":{"rendered":"<p style=\"text-align: justify;\">Na podstawie art. 37.7 RODO informuj\u0119, \u017ce Inspektorem Ochrony Danych (IOD) w Szkole Podstawowej w Jarantowicach jest Pan Dariusz B\u0105czkowski, e-mail: <a href=\"mailto:iod@spjarantowice.edu.pl\">iod@spjarantowice.edu.pl<\/a><\/p>\n<p style=\"text-align: justify;\">Obiekty szko\u0142y s\u0105 monitorowane a dane wizerunkowe s\u0105 przetwarzane i przechowywane na serwerze szko\u0142y.<\/p>\n<p style=\"text-align: justify;\">Informujemy, \u017ce w dniu 25 maja 2018 roku wesz\u0142o w \u017cycie Rozporz\u0105dzenie Parlamentu Europejskiego i Rady (UE) 2016\/679 z dnia 27 kwietnia 2016 r. w sprawie ochrony os\u00f3b fizycznych w zwi\u0105zku z przetwarzaniem danych osobowych i w sprawie swobodnego przep\u0142ywu takich danych oraz uchylenia dyrektywy 95\/46\/WE. Poni\u017cej znajduj\u0105 si\u0119 informacje, w jaki spos\u00f3b Pa\u0144stwa dane s\u0105 przetwarzane:<\/p>\n<p style=\"text-align: justify;\">Osoba, kt\u00f3rej dane dotycz\u0105 ma prawo do:<\/p>\n<p style=\"text-align: justify;\">&#8211;\u00a0dost\u0119pu do swoich danych osobowych,<br \/>\n&#8211; \u017c\u0105dania sprostowania swoich danych osobowych<br \/>\n&#8211; \u017c\u0105dania usuni\u0119cia lub ograniczenia przetwarzania swoich danych osobowych<br \/>\n&#8211; przenoszenia swoich danych<br \/>\n&#8211; wycofania zgody na przetwarzanie swoich danych osobowych, je\u017celi przetwarzanie odbywa si\u0119 na podstawie zgody<br \/>\n&#8211; wniesienia sprzeciwu wobec przetwarzania swoich danych osobowych<br \/>\n&#8211; wniesienia skargi do Prezesa Urz\u0119du Ochrony Danych Osobowych<\/p>\n<p>Dyrektor<br \/>\nSzko\u0142y Podstawowej w Jarantowicach<\/p>\n<p>Klauzule:<\/p>\n<ul>\n<li><a href=\"https:\/\/spjarantowice.edu.pl\/wp-content\/uploads\/2025\/01\/klauzula_informacyjna-obsluga_korespondencji_przy_uzyciu_elektronicznej_skrzynki_podawczej_e-PUAP_i_e-doreczenia.pdf\">Obs\u0142uga korespondencji przy u\u017cyciu elektronicznej skrzynki podawczej e-PUAP i e-dor\u0119czenia<\/a><\/li>\n<li><a href=\"https:\/\/spjarantowice.edu.pl\/wp-content\/uploads\/2021\/06\/klauzula-zgody-na-koresp-przy-uzyciu-poczty-elektronicznej.pdf\">Obs\u0142uga korespondencji przy u\u017cyciu elektronicznych \u015brodk\u00f3w komunikacji<\/a><\/li>\n<li><a href=\"https:\/\/spjarantowice.edu.pl\/wp-content\/uploads\/2021\/06\/klauzula-informacyjna-realizacja-prawa-do-przedszkola-i-obowiazku-szkolnego.pdf\">Realizacja obowi\u0105zku szkolnego i przedszkolnego<\/a><\/li>\n<li><a href=\"https:\/\/spjarantowice.edu.pl\/wp-content\/uploads\/2021\/06\/klauzula-informacyjna-udzielenie-zamowienia-publicznego.pdf\">Udzielanie zam\u00f3wie\u0144 publicznych<\/a><\/li>\n<li><a href=\"https:\/\/spjarantowice.edu.pl\/wp-content\/uploads\/2021\/06\/klauzula-informacyjna-realizacja-prawa-dostepu-do-informacji-publicznej.pdf\">Realizacja prawa dost\u0119pu do informacji publicznej<\/a><\/li>\n<li><a href=\"https:\/\/spjarantowice.edu.pl\/wp-content\/uploads\/2021\/06\/klauzula-informacyjna-organizacja-przyjmowania-i-rozpatrywania-skarg-i-wnioskow.pdf\">Organizacja przyjmowania i rozpatrywania skarg i wniosk\u00f3w<\/a><\/li>\n<li><a href=\"https:\/\/spjarantowice.edu.pl\/wp-content\/uploads\/2021\/06\/klauzula-informacyjna-monitoring-wizyjny-w-szkole.pdf\">Klauzula informacyjna &#8211; Funkcjonowanie Monitoringu Wizyjnego<\/a><\/li>\n<li><a href=\"https:\/\/spjarantowice.edu.pl\/wp-content\/uploads\/2025\/07\/klauzula-informacyjna-media-spolecznosciowe.pdf\">Klauzula informacyjna &#8211; media spo\u0142eczno\u015bciowe<\/a><\/li>\n<li><a href=\"https:\/\/spjarantowice.edu.pl\/wp-content\/uploads\/2025\/07\/kl-info-art-13-przetwarzanie-wizerunku.pdf\">Klauzula informacyjna &#8211; art 13. przetwarzanie wizerunku osoby<\/a><\/li>\n<li><a href=\"https:\/\/spjarantowice.edu.pl\/wp-content\/uploads\/2025\/07\/kl-info-art-14-przetw-wizerunku-osoby.pdf\">Klauzula informacyjna &#8211; art 14. przetwarzanie wizerunku osoby przekazanego przez innego administratora<\/a><\/li>\n<\/ul>\n<p>&nbsp;<\/p>\n<p>&nbsp;<\/p>\n","protected":false},"excerpt":{"rendered":"<p>Na podstawie art. 37.7 RODO informuj\u0119, \u017ce Inspektorem Ochrony Danych (IOD) w Szkole Podstawowej w Jarantowicach jest Pan Dariusz B\u0105czkowski, e-mail: iod@spjarantowice.edu.pl Obiekty szko\u0142y s\u0105 monitorowane a dane wizerunkowe s\u0105 przetwarzane i przechowywane na serwerze szko\u0142y. Informujemy, \u017ce w dniu 25 maja 2018 roku wesz\u0142o w \u017cycie Rozporz\u0105dzenie Parlamentu Europejskiego i Rady (UE) 2016\/679 z &hellip; <\/p>\n<p class=\"link-more\"><a href=\"https:\/\/spjarantowice.edu.pl\/?page_id=9199\" class=\"more-link\">Czytaj dalej<span class=\"screen-reader-text\"> \u201eRODO\u201d<\/span><\/a><\/p>\n","protected":false},"author":1,"featured_media":0,"parent":0,"menu_order":0,"comment_status":"closed","ping_status":"closed","template":"","meta":{"footnotes":""},"class_list":["post-9199","page","type-page","status-publish","hentry"],"_links":{"self":[{"href":"https:\/\/spjarantowice.edu.pl\/index.php?rest_route=\/wp\/v2\/pages\/9199","targetHints":{"allow":["GET"]}}],"collection":[{"href":"https:\/\/spjarantowice.edu.pl\/index.php?rest_route=\/wp\/v2\/pages"}],"about":[{"href":"https:\/\/spjarantowice.edu.pl\/index.php?rest_route=\/wp\/v2\/types\/page"}],"author":[{"embeddable":true,"href":"https:\/\/spjarantowice.edu.pl\/index.php?rest_route=\/wp\/v2\/users\/1"}],"replies":[{"embeddable":true,"href":"https:\/\/spjarantowice.edu.pl\/index.php?rest_route=%2Fwp%2Fv2%2Fcomments&post=9199"}],"version-history":[{"count":9,"href":"https:\/\/spjarantowice.edu.pl\/index.php?rest_route=\/wp\/v2\/pages\/9199\/revisions"}],"predecessor-version":[{"id":21297,"href":"https:\/\/spjarantowice.edu.pl\/index.php?rest_route=\/wp\/v2\/pages\/9199\/revisions\/21297"}],"wp:attachment":[{"href":"https:\/\/spjarantowice.edu.pl\/index.php?rest_route=%2Fwp%2Fv2%2Fmedia&parent=9199"}],"curies":[{"name":"wp","href":"https:\/\/api.w.org\/{rel}","templated":true}]}}