{"id":72,"date":"2017-11-17T13:21:09","date_gmt":"2017-11-17T13:21:09","guid":{"rendered":"http:\/\/serwer1716520.home.pl\/?page_id=72"},"modified":"2026-02-17T18:00:38","modified_gmt":"2026-02-17T18:00:38","slug":"kadra-pedagogiczna","status":"publish","type":"page","link":"https:\/\/spjarantowice.edu.pl\/?page_id=72","title":{"rendered":"Kadra pedagogiczna"},"content":{"rendered":"<p><b>Dyrektor:<br \/>\n<\/b><b>Monika Bestjan<br \/>\n<\/b><a href=\"mailto:dyrektor@spjarantowice.edu.pl\"><span style=\"font-weight: 400;\">dyrektor@spjarantowice.edu.pl<\/span><\/a><br \/>\n<a href=\"mailto:dyr.spjarantowice@gminarynsk.pl\"><span style=\"font-weight: 400;\">dyr.spjarantowice@gminarynsk.pl<\/span><\/a><\/p>\n<p><b>Nauczyciele:<\/b><\/p>\n<p><b>Angowska Aneta<br \/>\n<\/b><span style=\"font-weight: 400;\">wychowawca klasy drugiej, zaj\u0119cia ppp<br \/>\n<\/span><a href=\"mailto:a.angowska@spjarantowice.edu.pl\"><span style=\"font-weight: 400;\">a.angowska@spjarantowice.edu.pl<\/span><\/a><\/p>\n<p><b>Ba\u0144czerowska Lucyna<br \/>\n<\/b><span style=\"font-weight: 400;\">technika, informatyka<br \/>\n<\/span><a href=\"mailto:l.banczerowska@spjarantowice.edu.pl\"><span style=\"font-weight: 400;\">l.banczerowska@spjarantowice.edu.pl<\/span><\/a><\/p>\n<p><b>D\u0105browska Sylwia<br \/>\n<\/b><span style=\"font-weight: 400;\">wychowawca klasy VII, j\u0119zyk polski, geografia<br \/>\n<\/span><a href=\"mailto:s.dabrowska@spjarantowice.edu.pl\"><span style=\"font-weight: 400;\">s.dabrowska@spjarantowice.edu.pl<\/span><\/a><\/p>\n<p><b>Falkowska Ewa<br \/>\n<\/b><span style=\"font-weight: 400;\">wychowawca klasy VIII, matematyka, przyroda, biologia<br \/>\n<\/span><a href=\"mailto:e.falkowska@spjarantowice.edu.pl\"><span style=\"font-weight: 400;\">e.falkowska@spjarantowice.edu.pl<\/span><\/a><\/p>\n<p><b>Go\u0142embiewska Halina<br \/>\n<\/b><span style=\"font-weight: 400;\">wychowawca klasy V, wychowanie fizyczne, zaj\u0119cia ppp<br \/>\n<\/span><a href=\"mailto:h.golembiewska@spjarantowice.edu.pl\"><span style=\"font-weight: 400;\">h.golembiewska@spjarantowice.edu.pl<\/span><\/a><\/p>\n<p><b>Jaworska Liliana<br \/>\n<\/b><span style=\"font-weight: 400;\">wychowawca oddzia\u0142u zerowego, zaj\u0119cia \u015bwietlicowe<br \/>\n<\/span><a href=\"mailto:l.jaworska@spjarantowice.edu.pl\"><span style=\"font-weight: 400;\">l.jaworska@spjarantowice.edu.pl<\/span><\/a><\/p>\n<p><b>Kalachurka Joanna<br \/>\n<\/b><span style=\"font-weight: 400;\">nauczyciel wsp\u00f3\u0142organizuj\u0105cy<br \/>\n<\/span><a href=\"mailto:j.kalachurka@spjarantowice.edu.pl\"><span style=\"font-weight: 400;\">j.kalachurka@spjarantowice.edu.pl<\/span><\/a><\/p>\n<p><b>Kot\u0142owska Regina<br \/>\n<\/b><span style=\"font-weight: 400;\">wychowawca klasy VI, matematyka, fizyka<br \/>\n<\/span><a href=\"mailto:r.kotlowska@spjarantowice.edu.pl\"><span style=\"font-weight: 400;\">r.kotlowska@spjarantowice.edu.pl<\/span><\/a><\/p>\n<p><b>Krawczyk Justyna<br \/>\n<\/b><span style=\"font-weight: 400;\">wychowawca klasy III, edukacja wczesnoszkolna, wychowanie fizyczne I-III, zaj\u0119cia ppp<br \/>\n<\/span><a href=\"mailto:j.krawczyk@spjarantowice.edu.pl\"><span style=\"font-weight: 400;\">j.krawczyk@spjarantowice.edu.pl<\/span><\/a><\/p>\n<p><b>Kriger Marta<br \/>\n<\/b><span style=\"font-weight: 400;\">wychowawca klasy IV, j\u0119zyk angielski<br \/>\n<\/span><a href=\"mailto:m.kriger@spjarantowice.edu.pl\"><span style=\"font-weight: 400;\">m.kriger@spjarantowice.edu.pl<\/span><\/a><\/p>\n<p><b>Kubrycht Agata<br \/>\n<\/b><span style=\"font-size: 1rem;\">niemiecki<br \/>\n<\/span><a href=\"mailto:a.kubrycht@spjarantowice.edu.pl\"><span style=\"font-weight: 400;\">a.kubrycht@spjarantowice.edu.pl<\/span><\/a><\/p>\n<p><b>Lewalska Marlena<br \/>\n<\/b><span style=\"font-weight: 400;\">psycholog, logopedia, zaj\u0119cia ppp, logopedia, edukacja zdrowotna<br \/>\n<\/span><a href=\"mailto:m.lewalska@spjarantowice.edu.pl\"><span style=\"font-weight: 400;\">m.lewalska@spjarantowice.edu.pl<\/span><\/a><\/p>\n<p><b>Matuszewski Piotr<br \/>\n<\/b><span style=\"font-weight: 400;\">historia, wiedza o spo\u0142ecze\u0144stwie, biblioteka, zaj\u0119cia \u015bwietlicowe, edukacja zdrowotna<br \/>\n<\/span><a href=\"mailto:p.matuszewski@spjarantowice.edu.pl\"><span style=\"font-weight: 400;\">p.matuszewski@spjarantowice.edu.pl<\/span><\/a><\/p>\n<p><b>Molczy\u0144ska Ma\u0142gorzata<br \/>\n<\/b><span style=\"font-weight: 400;\">wychowawca klasy I, plastyka, muzyka<br \/>\n<\/span><a href=\"mailto:m.molczynska@spjarantowice.edu.pl\"><span style=\"font-weight: 400;\">m.molczynska@spjarantowice.edu.pl<\/span><\/a><\/p>\n<p><b>Sk\u0142adanowski Tomasz<br \/>\n<\/b><span style=\"font-weight: 400;\">religia, zaj\u0119cia \u015bwietlicowe, zaj\u0119cia ppp<br \/>\n<\/span><a href=\"mailto:t.skladanowski@spjarantowice.edu.pl\"><span style=\"font-weight: 400;\">t.skladanowski@spjarantowice.edu.pl<\/span><\/a><\/p>\n<p><strong>Sumi\u0144ska Katarzyna<br \/>\n<\/strong><span style=\"font-size: 1rem;\">polski<br \/>\n<\/span><a href=\"mailto:k.suminska@spjarantowice.edu.pl\"><span style=\"font-weight: 400;\">k.suminska@spjarantowice.edu.pl<\/span><\/a><\/p>\n<p><b>Szczodrowska Barbara<br \/>\n<\/b><span style=\"font-weight: 400;\">pedagog, pedagog specjalny, zaj\u0119cia ppp<br \/>\n<\/span><a href=\"mailto:j.smogorzewska@spjarantowice.edu.pl\"><span style=\"font-weight: 400;\">b.szczodrowska@spjarantowice.edu.pl<\/span><\/a><\/p>\n<p>&nbsp;<\/p>\n","protected":false},"excerpt":{"rendered":"<p>Dyrektor: Monika Bestjan dyrektor@spjarantowice.edu.pl dyr.spjarantowice@gminarynsk.pl Nauczyciele: Angowska Aneta wychowawca klasy drugiej, zaj\u0119cia ppp a.angowska@spjarantowice.edu.pl Ba\u0144czerowska Lucyna technika, informatyka l.banczerowska@spjarantowice.edu.pl D\u0105browska Sylwia wychowawca klasy VII, j\u0119zyk polski, geografia s.dabrowska@spjarantowice.edu.pl Falkowska Ewa wychowawca klasy VIII, matematyka, przyroda, biologia e.falkowska@spjarantowice.edu.pl Go\u0142embiewska Halina wychowawca klasy V, wychowanie fizyczne, zaj\u0119cia ppp h.golembiewska@spjarantowice.edu.pl Jaworska Liliana wychowawca oddzia\u0142u zerowego, zaj\u0119cia \u015bwietlicowe l.jaworska@spjarantowice.edu.pl &hellip; <\/p>\n<p class=\"link-more\"><a href=\"https:\/\/spjarantowice.edu.pl\/?page_id=72\" class=\"more-link\">Czytaj dalej<span class=\"screen-reader-text\"> \u201eKadra pedagogiczna\u201d<\/span><\/a><\/p>\n","protected":false},"author":1,"featured_media":0,"parent":0,"menu_order":0,"comment_status":"closed","ping_status":"closed","template":"","meta":{"footnotes":""},"class_list":["post-72","page","type-page","status-publish","hentry"],"_links":{"self":[{"href":"https:\/\/spjarantowice.edu.pl\/index.php?rest_route=\/wp\/v2\/pages\/72","targetHints":{"allow":["GET"]}}],"collection":[{"href":"https:\/\/spjarantowice.edu.pl\/index.php?rest_route=\/wp\/v2\/pages"}],"about":[{"href":"https:\/\/spjarantowice.edu.pl\/index.php?rest_route=\/wp\/v2\/types\/page"}],"author":[{"embeddable":true,"href":"https:\/\/spjarantowice.edu.pl\/index.php?rest_route=\/wp\/v2\/users\/1"}],"replies":[{"embeddable":true,"href":"https:\/\/spjarantowice.edu.pl\/index.php?rest_route=%2Fwp%2Fv2%2Fcomments&post=72"}],"version-history":[{"count":19,"href":"https:\/\/spjarantowice.edu.pl\/index.php?rest_route=\/wp\/v2\/pages\/72\/revisions"}],"predecessor-version":[{"id":22964,"href":"https:\/\/spjarantowice.edu.pl\/index.php?rest_route=\/wp\/v2\/pages\/72\/revisions\/22964"}],"wp:attachment":[{"href":"https:\/\/spjarantowice.edu.pl\/index.php?rest_route=%2Fwp%2Fv2%2Fmedia&parent=72"}],"curies":[{"name":"wp","href":"https:\/\/api.w.org\/{rel}","templated":true}]}}