{"id":442,"date":"2017-11-26T20:33:25","date_gmt":"2017-11-26T20:33:25","guid":{"rendered":"http:\/\/serwer1716520.home.pl\/?page_id=442"},"modified":"2021-04-16T08:47:34","modified_gmt":"2021-04-16T08:47:34","slug":"20172018-2","status":"publish","type":"page","link":"https:\/\/spjarantowice.edu.pl\/?page_id=442","title":{"rendered":"2017\/2018"},"content":{"rendered":"<p><a href=\"http:\/\/serwer1716520.home.pl\/wp-content\/uploads\/2017\/11\/GAZETKA_SZKOLNA_nr_1_2017.pdf\"><img loading=\"lazy\" decoding=\"async\" class=\"alignleft wp-image-447 size-medium\" src=\"http:\/\/serwer1716520.home.pl\/wp-content\/uploads\/2017\/11\/zaczek-217x300.jpg\" alt=\"\" width=\"217\" height=\"300\" srcset=\"https:\/\/spjarantowice.edu.pl\/wp-content\/uploads\/2017\/11\/zaczek-217x300.jpg 217w, https:\/\/spjarantowice.edu.pl\/wp-content\/uploads\/2017\/11\/zaczek.jpg 408w\" sizes=\"auto, (max-width: 217px) 100vw, 217px\" \/><\/a><a href=\"http:\/\/spjarantowice.edu.pl\/wp-content\/uploads\/2017\/11\/GAZETKA_SZKOLNA_nr_1_2017.pdf\" target=\"_blank\" rel=\"noopener\">Gazetka Jarantowicki \u017bak nr 1<\/a><\/p>\n<p><a href=\"http:\/\/spjarantowice.edu.pl\/wp-content\/uploads\/2017\/12\/GAZETKA_SZKOLNA_nr_2_2017.pdf\" target=\"_blank\" rel=\"noopener\">Gazetka Jarantowicki \u017bak nr 2<\/a><\/p>\n<p><a href=\"http:\/\/spjarantowice.edu.pl\/wp-content\/uploads\/2018\/01\/Gazetka_szkolna_nr_3_z_2017-2018.pdf\">Gazetka Jarantowicki \u017bak nr 3<\/a><\/p>\n<p><a href=\"http:\/\/spjarantowice.edu.pl\/wp-content\/uploads\/2018\/02\/Gazetka_szkolna_nr_4_z_2017-2018.pdf\">Gazetka Jarantowicki \u017bak nr 4<\/a><\/p>\n<p><a href=\"http:\/\/spjarantowice.edu.pl\/wp-content\/uploads\/2018\/04\/Gazetka_szkolna_nr_5_z_2017-2018.pdf\">Gazetka Jarantowicki \u017bak nr 5<\/a><\/p>\n<p><a href=\"http:\/\/spjarantowice.edu.pl\/wp-content\/uploads\/2018\/05\/Gazetka_szkolna_nr_6_z_2017-2018.pdf\">Gazetka Jarantowicki \u017bak nr 6<\/a><\/p>\n<p><a href=\"https:\/\/spjarantowice.edu.pl\/wp-content\/uploads\/2018\/07\/Gazetka_szkolna_nr_7_wydanie_wakacyjne.pdf\">Gazetka Jarantowicki \u017bak wydanie wakacyjne<\/a><\/p>\n","protected":false},"excerpt":{"rendered":"<p>Gazetka Jarantowicki \u017bak nr 1 Gazetka Jarantowicki \u017bak nr 2 Gazetka Jarantowicki \u017bak nr 3 Gazetka Jarantowicki \u017bak nr 4 Gazetka Jarantowicki \u017bak nr 5 Gazetka Jarantowicki \u017bak nr 6 Gazetka Jarantowicki \u017bak wydanie wakacyjne<\/p>\n","protected":false},"author":1,"featured_media":0,"parent":0,"menu_order":0,"comment_status":"closed","ping_status":"closed","template":"","meta":{"footnotes":""},"class_list":["post-442","page","type-page","status-publish","hentry"],"_links":{"self":[{"href":"https:\/\/spjarantowice.edu.pl\/index.php?rest_route=\/wp\/v2\/pages\/442","targetHints":{"allow":["GET"]}}],"collection":[{"href":"https:\/\/spjarantowice.edu.pl\/index.php?rest_route=\/wp\/v2\/pages"}],"about":[{"href":"https:\/\/spjarantowice.edu.pl\/index.php?rest_route=\/wp\/v2\/types\/page"}],"author":[{"embeddable":true,"href":"https:\/\/spjarantowice.edu.pl\/index.php?rest_route=\/wp\/v2\/users\/1"}],"replies":[{"embeddable":true,"href":"https:\/\/spjarantowice.edu.pl\/index.php?rest_route=%2Fwp%2Fv2%2Fcomments&post=442"}],"version-history":[{"count":16,"href":"https:\/\/spjarantowice.edu.pl\/index.php?rest_route=\/wp\/v2\/pages\/442\/revisions"}],"predecessor-version":[{"id":3084,"href":"https:\/\/spjarantowice.edu.pl\/index.php?rest_route=\/wp\/v2\/pages\/442\/revisions\/3084"}],"wp:attachment":[{"href":"https:\/\/spjarantowice.edu.pl\/index.php?rest_route=%2Fwp%2Fv2%2Fmedia&parent=442"}],"curies":[{"name":"wp","href":"https:\/\/api.w.org\/{rel}","templated":true}]}}